{"id":64,"date":"2017-02-05T12:01:48","date_gmt":"2017-02-05T11:01:48","guid":{"rendered":"http:\/\/localhost\/mieszka\/?page_id=64"},"modified":"2022-01-27T19:56:38","modified_gmt":"2022-01-27T18:56:38","slug":"kolobrzeg","status":"publish","type":"page","link":"https:\/\/apartament-mieszka.eu\/index.php\/kolobrzeg\/","title":{"rendered":"Ko\u0142obrzeg"},"content":{"rendered":"<p>Ko\u0142obrzeg to najwi\u0119ksze uzdrowisko w Polsce, le\u017c\u0105ce przy uj\u015bciu rzeki Pars\u0119ty do Ba\u0142tyku. \u00a0To r\u00f3wnie\u017c port handlowy, rybacki, pasa\u017cerski i wojenny. Od dawna Ko\u0142obrzeg przyci\u0105ga tysi\u0105ce turyst\u00f3w urokiem szerokich i piasczystych pla\u017c, specyficznym mikroklimatem i atrakcjami wakacyjnego kurortu.<br \/>Czyste morskie powietrze, \u017ar\u00f3d\u0142a solankowe, borowina, du\u017ce nas\u0142onecznienie wszystko to zadecydowa\u0142o i\u017c Ko\u0142obrzeg zdoby\u0142 uznanie najznakomitszego uzdrowiska nad Ba\u0142tykiem .<\/p>\n<p><img loading=\"lazy\" class=\"size-medium wp-image-202 alignleft\" src=\"http:\/\/localhost\/mieszka\/wp-content\/uploads\/2018\/02\/kolobrzeg2-300x200.jpg\" alt=\"\" width=\"300\" height=\"200\" srcset=\"https:\/\/apartament-mieszka.eu\/wp-content\/uploads\/2018\/02\/kolobrzeg2-300x200.jpg 300w, https:\/\/apartament-mieszka.eu\/wp-content\/uploads\/2018\/02\/kolobrzeg2-768x512.jpg 768w, https:\/\/apartament-mieszka.eu\/wp-content\/uploads\/2018\/02\/kolobrzeg2-1024x683.jpg 1024w, https:\/\/apartament-mieszka.eu\/wp-content\/uploads\/2018\/02\/kolobrzeg2.jpg 1200w\" sizes=\"(max-width: 300px) 100vw, 300px\" \/><\/p>\n<p>Uzdrowisko Ko\u0142obrzeg leczy schorzenia dr\u00f3g oddechowych, uk\u0142adu kr\u0105\u017cenia, narz\u0105d\u00f3w ruchu, uk\u0142adu wydzielania wewn\u0119trznego i przemiany materii (g\u0142\u00f3wnie cukrzycy). U dzieci leczy si\u0119 astm\u0119 oskrzelow\u0105, zaburzenia endokrynologiczne (oty\u0142o\u015b\u0107, cukrzyca, choroby tarczycy) oraz alergiczne schorzenia sk\u00f3ry.<\/p>\n<p><img loading=\"lazy\" class=\"size-medium wp-image-50 alignright\" src=\"http:\/\/localhost\/mieszka\/wp-content\/uploads\/2017\/02\/katedra-2-flickr-225x300.jpg\" alt=\"\" width=\"225\" height=\"300\" srcset=\"https:\/\/apartament-mieszka.eu\/wp-content\/uploads\/2017\/02\/katedra-2-flickr-225x300.jpg 225w, https:\/\/apartament-mieszka.eu\/wp-content\/uploads\/2017\/02\/katedra-2-flickr-768x1024.jpg 768w, https:\/\/apartament-mieszka.eu\/wp-content\/uploads\/2017\/02\/katedra-2-flickr.jpg 1200w\" sizes=\"(max-width: 225px) 100vw, 225px\" \/><\/p>\n<p>Ko\u0142obrzeg zalicza si\u0119 do najstarszych Polskich miast, znany by\u0142 ju\u017c w VIII w.,\u00a0<span style=\"font-size: 1rem;\">\u00d3wczesna lokalizacja grodu nie mia\u0142a nic wsp\u00f3lnego z dzisiejszymi granicami miasta bo pierwotny Ko\u0142obrzeg znajdowa\u0142 si\u0119 \u00a0oko\u0142o trzech kilometr\u00f3w od brzegu Ba\u0142tyku. W miejscu tym obecnie znajduje si\u0119 jedna z dzielnic Ko\u0142obrzegu z osiedlem domk\u00f3w jednorodzinnych \u2013 Budzistowo. <\/span><br \/><span style=\"font-size: 1rem;\">Tam te\u017c znajduje si\u0119 najstarszy zabytkowy Ko\u015bci\u00f3\u0142 \u015bw. Jana z 1222 ro<\/span><span style=\"font-size: 1rem;\">ku.<\/span> Ranga grodu wzros\u0142a znacznie kiedy to w 1000 roku Boles\u0142aw Chrobry i cesarz Niemiec Otton III na zje\u017adzie w Gnie\u017anie, ustanowili w Ko\u0142obrzegu biskupstwo. W 1255 roku wydano dokument o nowej lokalizacji miasta, w granicach zbli\u017conych do obecnego \u015br\u00f3dmie\u015bcia.<\/p>\n<p><img loading=\"lazy\" class=\"size-medium wp-image-197 alignleft\" src=\"http:\/\/localhost\/mieszka\/wp-content\/uploads\/2018\/02\/kolobrzeg_3-300x169.jpg\" alt=\"\" width=\"300\" height=\"169\" srcset=\"https:\/\/apartament-mieszka.eu\/wp-content\/uploads\/2018\/02\/kolobrzeg_3-300x169.jpg 300w, https:\/\/apartament-mieszka.eu\/wp-content\/uploads\/2018\/02\/kolobrzeg_3-768x432.jpg 768w, https:\/\/apartament-mieszka.eu\/wp-content\/uploads\/2018\/02\/kolobrzeg_3-1024x576.jpg 1024w, https:\/\/apartament-mieszka.eu\/wp-content\/uploads\/2018\/02\/kolobrzeg_3.jpg 1920w\" sizes=\"(max-width: 300px) 100vw, 300px\" \/><\/p>\n<p>Ko\u0142obrzeg czerpa\u0142 zyski g\u0142\u00f3wnie z warzelni soli. W XV wieku sta\u0142 si\u0119 cz\u0142onkiem Hanzy,\u00a0pot\u0119\u017cnej organizacji miast portowych po\u0142o\u017conych nad Ba\u0142tykiem. Na pocz\u0105tku XIX wieku zacz\u0119to dostrzega\u0107 walory uzdrowiskowe Ko\u0142obrzegu i pod koniec drugiej po\u0142owy tego\u017c wieku powsta\u0142y pierwsze obiekty uzdrowiskowe.<\/p>\n<p><img loading=\"lazy\" class=\"size-medium wp-image-212 alignright\" src=\"http:\/\/localhost\/mieszka\/wp-content\/uploads\/2018\/02\/molo_1-300x169.jpg\" alt=\"\" width=\"300\" height=\"169\" srcset=\"https:\/\/apartament-mieszka.eu\/wp-content\/uploads\/2018\/02\/molo_1-300x169.jpg 300w, https:\/\/apartament-mieszka.eu\/wp-content\/uploads\/2018\/02\/molo_1-768x432.jpg 768w, https:\/\/apartament-mieszka.eu\/wp-content\/uploads\/2018\/02\/molo_1-1024x576.jpg 1024w, https:\/\/apartament-mieszka.eu\/wp-content\/uploads\/2018\/02\/molo_1.jpg 1920w\" sizes=\"(max-width: 300px) 100vw, 300px\" \/><\/p>\n<p>\u00a0<\/p>\n<p>Ko\u0142obrzeg to pi\u0119kne nadmorskie miasto, kt\u00f3re ju\u017c przed wojn\u0105 nazywane by\u0142o\u00a0<strong style=\"font-size: 1rem;\">\u201ePer\u0142\u0105 Ba\u0142tyku\u201d.<\/strong><\/p>\n<p><strong>\u00a0<\/strong><\/p>\n\n\n<p><\/p>\n","protected":false},"excerpt":{"rendered":"<p>Ko\u0142obrzeg to najwi\u0119ksze uzdrowisko w Polsce, le\u017c\u0105ce przy uj\u015bciu rzeki Pars\u0119ty do Ba\u0142tyku. \u00a0To r\u00f3wnie\u017c port handlowy, rybacki, pasa\u017cerski i wojenny. Od dawna Ko\u0142obrzeg przyci\u0105ga tysi\u0105ce turyst\u00f3w urokiem szerokich i piasczystych pla\u017c, specyficznym mikroklimatem i atrakcjami wakacyjnego kurortu.Czyste morskie powietrze, \u017ar\u00f3d\u0142a solankowe, borowina, du\u017ce nas\u0142onecznienie wszystko to zadecydowa\u0142o i\u017c Ko\u0142obrzeg zdoby\u0142 uznanie najznakomitszego uzdrowiska nad &hellip; <\/p>\n<p class=\"link-more\"><a href=\"https:\/\/apartament-mieszka.eu\/index.php\/kolobrzeg\/\" class=\"more-link\">Czytaj dalej<span class=\"screen-reader-text\"> Ko\u0142obrzeg<\/span><\/a><\/p>\n","protected":false},"author":1,"featured_media":0,"parent":0,"menu_order":0,"comment_status":"closed","ping_status":"closed","template":"","meta":[],"yoast_head":"<!-- This site is optimized with the Yoast SEO plugin v18.1 - https:\/\/yoast.com\/wordpress\/plugins\/seo\/ -->\n<title>Apartament Mieszka - noclegi nad morzem Ko\u0142obrzeg<\/title>\n<meta name=\"description\" content=\"Wypoczywaj z ca\u0142\u0105 rodzin\u0105 nad polskim morzem, przyjed\u017a do najwi\u0119kszego kurortu w Polsce. Szeroka pla\u017ca, pi\u0119kne \u015bcie\u017cki rowerowe, du\u017co atrakcji\" \/>\n<meta name=\"robots\" content=\"index, follow, max-snippet:-1, max-image-preview:large, max-video-preview:-1\" \/>\n<link rel=\"canonical\" href=\"https:\/\/apartament-mieszka.eu\/index.php\/kolobrzeg\/\" \/>\n<meta property=\"og:locale\" content=\"pl_PL\" \/>\n<meta property=\"og:type\" content=\"article\" \/>\n<meta property=\"og:title\" content=\"Apartament Mieszka - noclegi nad morzem Ko\u0142obrzeg\" \/>\n<meta property=\"og:description\" content=\"Wypoczywaj z ca\u0142\u0105 rodzin\u0105 nad polskim morzem, przyjed\u017a do najwi\u0119kszego kurortu w Polsce. Szeroka pla\u017ca, pi\u0119kne \u015bcie\u017cki rowerowe, du\u017co atrakcji\" \/>\n<meta property=\"og:url\" content=\"https:\/\/apartament-mieszka.eu\/index.php\/kolobrzeg\/\" \/>\n<meta property=\"og:site_name\" content=\"Apartament Mieszka\" \/>\n<meta property=\"article:modified_time\" content=\"2022-01-27T18:56:38+00:00\" \/>\n<meta property=\"og:image\" content=\"http:\/\/localhost\/mieszka\/wp-content\/uploads\/2018\/02\/kolobrzeg2-300x200.jpg\" \/>\n<meta name=\"twitter:card\" content=\"summary_large_image\" \/>\n<meta name=\"twitter:label1\" content=\"Szacowany czas czytania\" \/>\n\t<meta name=\"twitter:data1\" content=\"3 minuty\" \/>\n<script type=\"application\/ld+json\" class=\"yoast-schema-graph\">{\"@context\":\"https:\/\/schema.org\",\"@graph\":[{\"@type\":[\"Person\",\"Organization\"],\"@id\":\"https:\/\/apartament-mieszka.eu\/#\/schema\/person\/7bfaa1ac635020526b041880ceb7d428\",\"name\":\"Jacek\",\"image\":{\"@type\":\"ImageObject\",\"@id\":\"https:\/\/apartament-mieszka.eu\/#personlogo\",\"inLanguage\":\"pl-PL\",\"url\":\"http:\/\/apartament-mieszka.eu\/wp-content\/uploads\/2017\/02\/cropped-Kopia-sypialnia-nieb-Large-1.jpg\",\"contentUrl\":\"http:\/\/apartament-mieszka.eu\/wp-content\/uploads\/2017\/02\/cropped-Kopia-sypialnia-nieb-Large-1.jpg\",\"width\":512,\"height\":512,\"caption\":\"Jacek\"},\"logo\":{\"@id\":\"https:\/\/apartament-mieszka.eu\/#personlogo\"},\"sameAs\":[\"http:\/\/www.apartament-mieszka.eu\"]},{\"@type\":\"WebSite\",\"@id\":\"https:\/\/apartament-mieszka.eu\/#website\",\"url\":\"https:\/\/apartament-mieszka.eu\/\",\"name\":\"Apartament Mieszka\",\"description\":\"Rodzinny apartament nad morzem\",\"publisher\":{\"@id\":\"https:\/\/apartament-mieszka.eu\/#\/schema\/person\/7bfaa1ac635020526b041880ceb7d428\"},\"potentialAction\":[{\"@type\":\"SearchAction\",\"target\":{\"@type\":\"EntryPoint\",\"urlTemplate\":\"https:\/\/apartament-mieszka.eu\/?s={search_term_string}\"},\"query-input\":\"required name=search_term_string\"}],\"inLanguage\":\"pl-PL\"},{\"@type\":\"ImageObject\",\"@id\":\"https:\/\/apartament-mieszka.eu\/index.php\/kolobrzeg\/#primaryimage\",\"inLanguage\":\"pl-PL\",\"url\":\"http:\/\/localhost\/mieszka\/wp-content\/uploads\/2018\/02\/kolobrzeg2-300x200.jpg\",\"contentUrl\":\"http:\/\/localhost\/mieszka\/wp-content\/uploads\/2018\/02\/kolobrzeg2-300x200.jpg\"},{\"@type\":\"WebPage\",\"@id\":\"https:\/\/apartament-mieszka.eu\/index.php\/kolobrzeg\/#webpage\",\"url\":\"https:\/\/apartament-mieszka.eu\/index.php\/kolobrzeg\/\",\"name\":\"Apartament Mieszka - noclegi nad morzem Ko\u0142obrzeg\",\"isPartOf\":{\"@id\":\"https:\/\/apartament-mieszka.eu\/#website\"},\"primaryImageOfPage\":{\"@id\":\"https:\/\/apartament-mieszka.eu\/index.php\/kolobrzeg\/#primaryimage\"},\"datePublished\":\"2017-02-05T11:01:48+00:00\",\"dateModified\":\"2022-01-27T18:56:38+00:00\",\"description\":\"Wypoczywaj z ca\u0142\u0105 rodzin\u0105 nad polskim morzem, przyjed\u017a do najwi\u0119kszego kurortu w Polsce. Szeroka pla\u017ca, pi\u0119kne \u015bcie\u017cki rowerowe, du\u017co atrakcji\",\"breadcrumb\":{\"@id\":\"https:\/\/apartament-mieszka.eu\/index.php\/kolobrzeg\/#breadcrumb\"},\"inLanguage\":\"pl-PL\",\"potentialAction\":[{\"@type\":\"ReadAction\",\"target\":[\"https:\/\/apartament-mieszka.eu\/index.php\/kolobrzeg\/\"]}]},{\"@type\":\"BreadcrumbList\",\"@id\":\"https:\/\/apartament-mieszka.eu\/index.php\/kolobrzeg\/#breadcrumb\",\"itemListElement\":[{\"@type\":\"ListItem\",\"position\":1,\"name\":\"Strona g\u0142\u00f3wna\",\"item\":\"https:\/\/apartament-mieszka.eu\/\"},{\"@type\":\"ListItem\",\"position\":2,\"name\":\"Ko\u0142obrzeg\"}]}]}<\/script>\n<!-- \/ Yoast SEO plugin. -->","yoast_head_json":{"title":"Apartament Mieszka - noclegi nad morzem Ko\u0142obrzeg","description":"Wypoczywaj z ca\u0142\u0105 rodzin\u0105 nad polskim morzem, przyjed\u017a do najwi\u0119kszego kurortu w Polsce. Szeroka pla\u017ca, pi\u0119kne \u015bcie\u017cki rowerowe, du\u017co atrakcji","robots":{"index":"index","follow":"follow","max-snippet":"max-snippet:-1","max-image-preview":"max-image-preview:large","max-video-preview":"max-video-preview:-1"},"canonical":"https:\/\/apartament-mieszka.eu\/index.php\/kolobrzeg\/","og_locale":"pl_PL","og_type":"article","og_title":"Apartament Mieszka - noclegi nad morzem Ko\u0142obrzeg","og_description":"Wypoczywaj z ca\u0142\u0105 rodzin\u0105 nad polskim morzem, przyjed\u017a do najwi\u0119kszego kurortu w Polsce. Szeroka pla\u017ca, pi\u0119kne \u015bcie\u017cki rowerowe, du\u017co atrakcji","og_url":"https:\/\/apartament-mieszka.eu\/index.php\/kolobrzeg\/","og_site_name":"Apartament Mieszka","article_modified_time":"2022-01-27T18:56:38+00:00","og_image":[{"url":"http:\/\/localhost\/mieszka\/wp-content\/uploads\/2018\/02\/kolobrzeg2-300x200.jpg"}],"twitter_card":"summary_large_image","twitter_misc":{"Szacowany czas czytania":"3 minuty"},"schema":{"@context":"https:\/\/schema.org","@graph":[{"@type":["Person","Organization"],"@id":"https:\/\/apartament-mieszka.eu\/#\/schema\/person\/7bfaa1ac635020526b041880ceb7d428","name":"Jacek","image":{"@type":"ImageObject","@id":"https:\/\/apartament-mieszka.eu\/#personlogo","inLanguage":"pl-PL","url":"http:\/\/apartament-mieszka.eu\/wp-content\/uploads\/2017\/02\/cropped-Kopia-sypialnia-nieb-Large-1.jpg","contentUrl":"http:\/\/apartament-mieszka.eu\/wp-content\/uploads\/2017\/02\/cropped-Kopia-sypialnia-nieb-Large-1.jpg","width":512,"height":512,"caption":"Jacek"},"logo":{"@id":"https:\/\/apartament-mieszka.eu\/#personlogo"},"sameAs":["http:\/\/www.apartament-mieszka.eu"]},{"@type":"WebSite","@id":"https:\/\/apartament-mieszka.eu\/#website","url":"https:\/\/apartament-mieszka.eu\/","name":"Apartament Mieszka","description":"Rodzinny apartament nad morzem","publisher":{"@id":"https:\/\/apartament-mieszka.eu\/#\/schema\/person\/7bfaa1ac635020526b041880ceb7d428"},"potentialAction":[{"@type":"SearchAction","target":{"@type":"EntryPoint","urlTemplate":"https:\/\/apartament-mieszka.eu\/?s={search_term_string}"},"query-input":"required name=search_term_string"}],"inLanguage":"pl-PL"},{"@type":"ImageObject","@id":"https:\/\/apartament-mieszka.eu\/index.php\/kolobrzeg\/#primaryimage","inLanguage":"pl-PL","url":"http:\/\/localhost\/mieszka\/wp-content\/uploads\/2018\/02\/kolobrzeg2-300x200.jpg","contentUrl":"http:\/\/localhost\/mieszka\/wp-content\/uploads\/2018\/02\/kolobrzeg2-300x200.jpg"},{"@type":"WebPage","@id":"https:\/\/apartament-mieszka.eu\/index.php\/kolobrzeg\/#webpage","url":"https:\/\/apartament-mieszka.eu\/index.php\/kolobrzeg\/","name":"Apartament Mieszka - noclegi nad morzem Ko\u0142obrzeg","isPartOf":{"@id":"https:\/\/apartament-mieszka.eu\/#website"},"primaryImageOfPage":{"@id":"https:\/\/apartament-mieszka.eu\/index.php\/kolobrzeg\/#primaryimage"},"datePublished":"2017-02-05T11:01:48+00:00","dateModified":"2022-01-27T18:56:38+00:00","description":"Wypoczywaj z ca\u0142\u0105 rodzin\u0105 nad polskim morzem, przyjed\u017a do najwi\u0119kszego kurortu w Polsce. Szeroka pla\u017ca, pi\u0119kne \u015bcie\u017cki rowerowe, du\u017co atrakcji","breadcrumb":{"@id":"https:\/\/apartament-mieszka.eu\/index.php\/kolobrzeg\/#breadcrumb"},"inLanguage":"pl-PL","potentialAction":[{"@type":"ReadAction","target":["https:\/\/apartament-mieszka.eu\/index.php\/kolobrzeg\/"]}]},{"@type":"BreadcrumbList","@id":"https:\/\/apartament-mieszka.eu\/index.php\/kolobrzeg\/#breadcrumb","itemListElement":[{"@type":"ListItem","position":1,"name":"Strona g\u0142\u00f3wna","item":"https:\/\/apartament-mieszka.eu\/"},{"@type":"ListItem","position":2,"name":"Ko\u0142obrzeg"}]}]}},"_links":{"self":[{"href":"https:\/\/apartament-mieszka.eu\/index.php\/wp-json\/wp\/v2\/pages\/64"}],"collection":[{"href":"https:\/\/apartament-mieszka.eu\/index.php\/wp-json\/wp\/v2\/pages"}],"about":[{"href":"https:\/\/apartament-mieszka.eu\/index.php\/wp-json\/wp\/v2\/types\/page"}],"author":[{"embeddable":true,"href":"https:\/\/apartament-mieszka.eu\/index.php\/wp-json\/wp\/v2\/users\/1"}],"replies":[{"embeddable":true,"href":"https:\/\/apartament-mieszka.eu\/index.php\/wp-json\/wp\/v2\/comments?post=64"}],"version-history":[{"count":22,"href":"https:\/\/apartament-mieszka.eu\/index.php\/wp-json\/wp\/v2\/pages\/64\/revisions"}],"predecessor-version":[{"id":529,"href":"https:\/\/apartament-mieszka.eu\/index.php\/wp-json\/wp\/v2\/pages\/64\/revisions\/529"}],"wp:attachment":[{"href":"https:\/\/apartament-mieszka.eu\/index.php\/wp-json\/wp\/v2\/media?parent=64"}],"curies":[{"name":"wp","href":"https:\/\/api.w.org\/{rel}","templated":true}]}}