{"id":63,"date":"2017-02-05T12:01:47","date_gmt":"2017-02-05T11:01:47","guid":{"rendered":"http:\/\/localhost\/mieszka\/?page_id=63"},"modified":"2023-01-27T16:28:09","modified_gmt":"2023-01-27T15:28:09","slug":"rodzinny-apartament-nad-morzem-w-kolobrzegu-kontakt","status":"publish","type":"page","link":"https:\/\/apartament-mieszka.eu\/index.php\/rodzinny-apartament-nad-morzem-w-kolobrzegu-kontakt\/","title":{"rendered":"Kontakt"},"content":{"rendered":"<div id=\"pl-63\"  class=\"panel-layout\" ><div id=\"pg-63-0\"  class=\"panel-grid panel-has-style\" ><div class=\"siteorigin-panels-stretch panel-row-style panel-row-style-for-63-0\" data-stretch-type=\"full\" ><div id=\"pgc-63-0-0\"  class=\"panel-grid-cell\" ><div id=\"panel-63-0-0-0\" class=\"widget_text so-panel widget widget_custom_html panel-first-child panel-last-child\" data-index=\"0\" ><h3 class=\"widget-title\">Mapa Ko\u0142obrzegu<\/h3><div class=\"textwidget custom-html-widget\"><iframe src=\"https:\/\/www.google.com\/maps\/embed?pb=!1m14!1m8!1m3!1d2335.3014053054694!2d15.5857192364538!3d54.17473771157748!3m2!1i1024!2i768!4f13.1!3m3!1m2!1s0x47001587494f5411%3A0x71737d5d942c45df!2sApartament%20Mieszka!5e0!3m2!1spl!2spl!4v1612723949375!5m2!1spl!2spl\" width=\"800\" height=\"400\" frameborder=\"0\" style=\"border:0;\" allowfullscreen=\"\" aria-hidden=\"false\" tabindex=\"0\"><\/iframe><\/div><\/div><\/div><\/div><\/div><div id=\"pg-63-1\"  class=\"panel-grid panel-has-style\" ><div class=\"siteorigin-panels-stretch panel-row-style panel-row-style-for-63-1\" data-stretch-type=\"full\" ><div id=\"pgc-63-1-0\"  class=\"panel-grid-cell\" ><div id=\"panel-63-1-0-0\" class=\"so-panel widget widget_text panel-first-child panel-last-child\" data-index=\"1\" >\t\t\t<div class=\"textwidget\"><div role=\"form\" class=\"wpcf7\" id=\"wpcf7-f95-o1\" lang=\"pl-PL\" dir=\"ltr\">\n<div class=\"screen-reader-response\"><p role=\"status\" aria-live=\"polite\" aria-atomic=\"true\"><\/p> <ul><\/ul><\/div>\n<form action=\"\/index.php\/wp-json\/wp\/v2\/pages\/63#wpcf7-f95-o1\" method=\"post\" class=\"wpcf7-form init\" novalidate=\"novalidate\" data-status=\"init\">\n<div style=\"display: none;\">\n<input type=\"hidden\" name=\"_wpcf7\" value=\"95\" \/>\n<input type=\"hidden\" name=\"_wpcf7_version\" value=\"5.5.5\" \/>\n<input type=\"hidden\" name=\"_wpcf7_locale\" value=\"pl_PL\" \/>\n<input type=\"hidden\" name=\"_wpcf7_unit_tag\" value=\"wpcf7-f95-o1\" \/>\n<input type=\"hidden\" name=\"_wpcf7_container_post\" value=\"0\" \/>\n<input type=\"hidden\" name=\"_wpcf7_posted_data_hash\" value=\"\" \/>\n<\/div>\n<p><label> Imi\u0119 i Nazwisko *<br \/>\n    <span class=\"wpcf7-form-control-wrap your-name\"><input type=\"text\" name=\"your-name\" value=\"\" size=\"40\" class=\"wpcf7-form-control wpcf7-text wpcf7-validates-as-required\" aria-required=\"true\" aria-invalid=\"false\" \/><\/span> <\/label><\/p>\n<p><label> E-mail<br \/>\n    <span class=\"wpcf7-form-control-wrap your-email\"><input type=\"email\" name=\"your-email\" value=\"\" size=\"40\" class=\"wpcf7-form-control wpcf7-text wpcf7-email wpcf7-validates-as-email\" aria-invalid=\"false\" \/><\/span> <\/label><\/p>\n<p><label> Nr tel. *<br \/>\n    <span class=\"wpcf7-form-control-wrap your-nr\"><input type=\"tel\" name=\"your-nr\" value=\"\" size=\"40\" class=\"wpcf7-form-control wpcf7-text wpcf7-tel wpcf7-validates-as-required wpcf7-validates-as-tel\" aria-required=\"true\" aria-invalid=\"false\" \/><\/span> <\/label><\/p>\n<p><label> Temat<br \/>\n    <span class=\"wpcf7-form-control-wrap your-subject\"><input type=\"text\" name=\"your-subject\" value=\"\" size=\"40\" class=\"wpcf7-form-control wpcf7-text\" aria-invalid=\"false\" \/><\/span> <\/label><\/p>\n<p><label> Wiadomo\u015b\u0107 *<br \/>\n    <span class=\"wpcf7-form-control-wrap your-message\"><textarea name=\"your-message\" cols=\"40\" rows=\"10\" class=\"wpcf7-form-control wpcf7-textarea\" aria-invalid=\"false\"><\/textarea><\/span> <\/label><\/p>\n<p><input type=\"submit\" value=\"Wy\u015blij\" class=\"wpcf7-form-control has-spinner wpcf7-submit\" \/><\/p>\n<p> * Wymagane pole<\/p>\n<p style=\"display: none !important;\" class=\"akismet-fields-container\" data-prefix=\"_wpcf7_ak_\"><label>&#916;<textarea name=\"_wpcf7_ak_hp_textarea\" cols=\"45\" rows=\"8\" maxlength=\"100\"><\/textarea><\/label><input type=\"hidden\" id=\"ak_js_1\" name=\"_wpcf7_ak_js\" value=\"87\"\/><script>document.getElementById( \"ak_js_1\" ).setAttribute( \"value\", ( new Date() ).getTime() );<\/script><\/p><div class=\"wpcf7-response-output\" aria-hidden=\"true\"><\/div><\/form><\/div>\n<\/div>\n\t\t<\/div><\/div><\/div><\/div><div id=\"pg-63-2\"  class=\"panel-grid panel-no-style\" ><div id=\"pgc-63-2-0\"  class=\"panel-grid-cell\" ><div id=\"panel-63-2-0-0\" class=\"so-panel widget widget_text panel-first-child panel-last-child\" data-index=\"2\" ><div class=\"panel-widget-style panel-widget-style-for-63-2-0-0\" >\t\t\t<div class=\"textwidget\"><p><span style=\"font-family: Arial; font-size: 12pt; color: black;\">78-100 Ko\u0142obrzeg<br \/>\nul. Mieszka I\u00a0 6\/7<\/span><br \/>\n<span style=\"font-family: Arial; font-size: 12pt; color: black;\">+48 606 411 954<\/span><br \/>\n<a href=\"mailto:mieszka@apartament-mieszka.eu\"><span style=\"font-family: Arial; font-size: 12pt; color: black;\">mieszka@apartament-mieszka.eu<\/span><\/a><\/p>\n<\/div>\n\t\t<\/div><\/div><\/div><\/div><\/div>","protected":false},"excerpt":{"rendered":"<p>Mapa Ko\u0142obrzegu Imi\u0119 i Nazwisko * E-mail Nr tel. * Temat Wiadomo\u015b\u0107 * * Wymagane pole &#916; 78-100 Ko\u0142obrzeg ul. Mieszka I\u00a0 6\/7 +48 606 411 954 mieszka@apartament-mieszka.eu<\/p>\n","protected":false},"author":1,"featured_media":0,"parent":0,"menu_order":0,"comment_status":"closed","ping_status":"closed","template":"","meta":[],"yoast_head":"<!-- This site is optimized with the Yoast SEO plugin v18.1 - https:\/\/yoast.com\/wordpress\/plugins\/seo\/ -->\n<title>Rodzinny apartament nad morzem w Ko\u0142obrzegu - kontakt<\/title>\n<meta name=\"description\" content=\"Rodzinny apartament nad morzem w Ko\u0142obrzegu, wygodny, w pe\u0142ni wyposa\u017cony. Mieszkanie wakacyjne do wynaj\u0119cia przez ca\u0142y rok. Zapraszamy !\" \/>\n<meta name=\"robots\" content=\"index, follow, max-snippet:-1, max-image-preview:large, max-video-preview:-1\" \/>\n<link rel=\"canonical\" href=\"https:\/\/apartament-mieszka.eu\/index.php\/rodzinny-apartament-nad-morzem-w-kolobrzegu-kontakt\/\" \/>\n<meta property=\"og:locale\" content=\"pl_PL\" \/>\n<meta property=\"og:type\" content=\"article\" \/>\n<meta property=\"og:title\" content=\"Rodzinny apartament nad morzem w Ko\u0142obrzegu - kontakt\" \/>\n<meta property=\"og:description\" content=\"Rodzinny apartament nad morzem w Ko\u0142obrzegu, wygodny, w pe\u0142ni wyposa\u017cony. Mieszkanie wakacyjne do wynaj\u0119cia przez ca\u0142y rok. Zapraszamy !\" \/>\n<meta property=\"og:url\" content=\"https:\/\/apartament-mieszka.eu\/index.php\/rodzinny-apartament-nad-morzem-w-kolobrzegu-kontakt\/\" \/>\n<meta property=\"og:site_name\" content=\"Apartament Mieszka\" \/>\n<meta property=\"article:modified_time\" content=\"2023-01-27T15:28:09+00:00\" \/>\n<meta name=\"twitter:card\" content=\"summary_large_image\" \/>\n<meta name=\"twitter:label1\" content=\"Szacowany czas czytania\" \/>\n\t<meta name=\"twitter:data1\" content=\"1 minuta\" \/>\n<script type=\"application\/ld+json\" class=\"yoast-schema-graph\">{\"@context\":\"https:\/\/schema.org\",\"@graph\":[{\"@type\":[\"Person\",\"Organization\"],\"@id\":\"https:\/\/apartament-mieszka.eu\/#\/schema\/person\/7bfaa1ac635020526b041880ceb7d428\",\"name\":\"Jacek\",\"image\":{\"@type\":\"ImageObject\",\"@id\":\"https:\/\/apartament-mieszka.eu\/#personlogo\",\"inLanguage\":\"pl-PL\",\"url\":\"http:\/\/apartament-mieszka.eu\/wp-content\/uploads\/2017\/02\/cropped-Kopia-sypialnia-nieb-Large-1.jpg\",\"contentUrl\":\"http:\/\/apartament-mieszka.eu\/wp-content\/uploads\/2017\/02\/cropped-Kopia-sypialnia-nieb-Large-1.jpg\",\"width\":512,\"height\":512,\"caption\":\"Jacek\"},\"logo\":{\"@id\":\"https:\/\/apartament-mieszka.eu\/#personlogo\"},\"sameAs\":[\"http:\/\/www.apartament-mieszka.eu\"]},{\"@type\":\"WebSite\",\"@id\":\"https:\/\/apartament-mieszka.eu\/#website\",\"url\":\"https:\/\/apartament-mieszka.eu\/\",\"name\":\"Apartament Mieszka\",\"description\":\"Rodzinny apartament nad morzem\",\"publisher\":{\"@id\":\"https:\/\/apartament-mieszka.eu\/#\/schema\/person\/7bfaa1ac635020526b041880ceb7d428\"},\"potentialAction\":[{\"@type\":\"SearchAction\",\"target\":{\"@type\":\"EntryPoint\",\"urlTemplate\":\"https:\/\/apartament-mieszka.eu\/?s={search_term_string}\"},\"query-input\":\"required name=search_term_string\"}],\"inLanguage\":\"pl-PL\"},{\"@type\":[\"WebPage\",\"ContactPage\"],\"@id\":\"https:\/\/apartament-mieszka.eu\/index.php\/rodzinny-apartament-nad-morzem-w-kolobrzegu-kontakt\/#webpage\",\"url\":\"https:\/\/apartament-mieszka.eu\/index.php\/rodzinny-apartament-nad-morzem-w-kolobrzegu-kontakt\/\",\"name\":\"Rodzinny apartament nad morzem w Ko\u0142obrzegu - kontakt\",\"isPartOf\":{\"@id\":\"https:\/\/apartament-mieszka.eu\/#website\"},\"datePublished\":\"2017-02-05T11:01:47+00:00\",\"dateModified\":\"2023-01-27T15:28:09+00:00\",\"description\":\"Rodzinny apartament nad morzem w Ko\u0142obrzegu, wygodny, w pe\u0142ni wyposa\u017cony. Mieszkanie wakacyjne do wynaj\u0119cia przez ca\u0142y rok. Zapraszamy !\",\"breadcrumb\":{\"@id\":\"https:\/\/apartament-mieszka.eu\/index.php\/rodzinny-apartament-nad-morzem-w-kolobrzegu-kontakt\/#breadcrumb\"},\"inLanguage\":\"pl-PL\",\"potentialAction\":[{\"@type\":\"ReadAction\",\"target\":[\"https:\/\/apartament-mieszka.eu\/index.php\/rodzinny-apartament-nad-morzem-w-kolobrzegu-kontakt\/\"]}]},{\"@type\":\"BreadcrumbList\",\"@id\":\"https:\/\/apartament-mieszka.eu\/index.php\/rodzinny-apartament-nad-morzem-w-kolobrzegu-kontakt\/#breadcrumb\",\"itemListElement\":[{\"@type\":\"ListItem\",\"position\":1,\"name\":\"Strona g\u0142\u00f3wna\",\"item\":\"https:\/\/apartament-mieszka.eu\/\"},{\"@type\":\"ListItem\",\"position\":2,\"name\":\"Kontakt\"}]}]}<\/script>\n<!-- \/ Yoast SEO plugin. -->","yoast_head_json":{"title":"Rodzinny apartament nad morzem w Ko\u0142obrzegu - kontakt","description":"Rodzinny apartament nad morzem w Ko\u0142obrzegu, wygodny, w pe\u0142ni wyposa\u017cony. Mieszkanie wakacyjne do wynaj\u0119cia przez ca\u0142y rok. Zapraszamy !","robots":{"index":"index","follow":"follow","max-snippet":"max-snippet:-1","max-image-preview":"max-image-preview:large","max-video-preview":"max-video-preview:-1"},"canonical":"https:\/\/apartament-mieszka.eu\/index.php\/rodzinny-apartament-nad-morzem-w-kolobrzegu-kontakt\/","og_locale":"pl_PL","og_type":"article","og_title":"Rodzinny apartament nad morzem w Ko\u0142obrzegu - kontakt","og_description":"Rodzinny apartament nad morzem w Ko\u0142obrzegu, wygodny, w pe\u0142ni wyposa\u017cony. Mieszkanie wakacyjne do wynaj\u0119cia przez ca\u0142y rok. Zapraszamy !","og_url":"https:\/\/apartament-mieszka.eu\/index.php\/rodzinny-apartament-nad-morzem-w-kolobrzegu-kontakt\/","og_site_name":"Apartament Mieszka","article_modified_time":"2023-01-27T15:28:09+00:00","twitter_card":"summary_large_image","twitter_misc":{"Szacowany czas czytania":"1 minuta"},"schema":{"@context":"https:\/\/schema.org","@graph":[{"@type":["Person","Organization"],"@id":"https:\/\/apartament-mieszka.eu\/#\/schema\/person\/7bfaa1ac635020526b041880ceb7d428","name":"Jacek","image":{"@type":"ImageObject","@id":"https:\/\/apartament-mieszka.eu\/#personlogo","inLanguage":"pl-PL","url":"http:\/\/apartament-mieszka.eu\/wp-content\/uploads\/2017\/02\/cropped-Kopia-sypialnia-nieb-Large-1.jpg","contentUrl":"http:\/\/apartament-mieszka.eu\/wp-content\/uploads\/2017\/02\/cropped-Kopia-sypialnia-nieb-Large-1.jpg","width":512,"height":512,"caption":"Jacek"},"logo":{"@id":"https:\/\/apartament-mieszka.eu\/#personlogo"},"sameAs":["http:\/\/www.apartament-mieszka.eu"]},{"@type":"WebSite","@id":"https:\/\/apartament-mieszka.eu\/#website","url":"https:\/\/apartament-mieszka.eu\/","name":"Apartament Mieszka","description":"Rodzinny apartament nad morzem","publisher":{"@id":"https:\/\/apartament-mieszka.eu\/#\/schema\/person\/7bfaa1ac635020526b041880ceb7d428"},"potentialAction":[{"@type":"SearchAction","target":{"@type":"EntryPoint","urlTemplate":"https:\/\/apartament-mieszka.eu\/?s={search_term_string}"},"query-input":"required name=search_term_string"}],"inLanguage":"pl-PL"},{"@type":["WebPage","ContactPage"],"@id":"https:\/\/apartament-mieszka.eu\/index.php\/rodzinny-apartament-nad-morzem-w-kolobrzegu-kontakt\/#webpage","url":"https:\/\/apartament-mieszka.eu\/index.php\/rodzinny-apartament-nad-morzem-w-kolobrzegu-kontakt\/","name":"Rodzinny apartament nad morzem w Ko\u0142obrzegu - kontakt","isPartOf":{"@id":"https:\/\/apartament-mieszka.eu\/#website"},"datePublished":"2017-02-05T11:01:47+00:00","dateModified":"2023-01-27T15:28:09+00:00","description":"Rodzinny apartament nad morzem w Ko\u0142obrzegu, wygodny, w pe\u0142ni wyposa\u017cony. Mieszkanie wakacyjne do wynaj\u0119cia przez ca\u0142y rok. Zapraszamy !","breadcrumb":{"@id":"https:\/\/apartament-mieszka.eu\/index.php\/rodzinny-apartament-nad-morzem-w-kolobrzegu-kontakt\/#breadcrumb"},"inLanguage":"pl-PL","potentialAction":[{"@type":"ReadAction","target":["https:\/\/apartament-mieszka.eu\/index.php\/rodzinny-apartament-nad-morzem-w-kolobrzegu-kontakt\/"]}]},{"@type":"BreadcrumbList","@id":"https:\/\/apartament-mieszka.eu\/index.php\/rodzinny-apartament-nad-morzem-w-kolobrzegu-kontakt\/#breadcrumb","itemListElement":[{"@type":"ListItem","position":1,"name":"Strona g\u0142\u00f3wna","item":"https:\/\/apartament-mieszka.eu\/"},{"@type":"ListItem","position":2,"name":"Kontakt"}]}]}},"_links":{"self":[{"href":"https:\/\/apartament-mieszka.eu\/index.php\/wp-json\/wp\/v2\/pages\/63"}],"collection":[{"href":"https:\/\/apartament-mieszka.eu\/index.php\/wp-json\/wp\/v2\/pages"}],"about":[{"href":"https:\/\/apartament-mieszka.eu\/index.php\/wp-json\/wp\/v2\/types\/page"}],"author":[{"embeddable":true,"href":"https:\/\/apartament-mieszka.eu\/index.php\/wp-json\/wp\/v2\/users\/1"}],"replies":[{"embeddable":true,"href":"https:\/\/apartament-mieszka.eu\/index.php\/wp-json\/wp\/v2\/comments?post=63"}],"version-history":[{"count":113,"href":"https:\/\/apartament-mieszka.eu\/index.php\/wp-json\/wp\/v2\/pages\/63\/revisions"}],"predecessor-version":[{"id":358,"href":"https:\/\/apartament-mieszka.eu\/index.php\/wp-json\/wp\/v2\/pages\/63\/revisions\/358"}],"wp:attachment":[{"href":"https:\/\/apartament-mieszka.eu\/index.php\/wp-json\/wp\/v2\/media?parent=63"}],"curies":[{"name":"wp","href":"https:\/\/api.w.org\/{rel}","templated":true}]}}