{"id":62,"date":"2017-02-05T12:01:45","date_gmt":"2017-02-05T11:01:45","guid":{"rendered":"http:\/\/localhost\/mieszka\/?page_id=62"},"modified":"2025-11-08T18:10:43","modified_gmt":"2025-11-08T17:10:43","slug":"noclegi-kolobrzeg","status":"publish","type":"page","link":"https:\/\/apartament-mieszka.eu\/","title":{"rendered":"Apartament"},"content":{"rendered":"<p style=\"text-align: left;\"><strong>Apartament 3 pokojowy\u00a0<\/strong><strong style=\"font-size: 1rem;\">z kuchni\u0105, \u0142azienk\u0105 i<\/strong><strong style=\"font-size: 1rem;\">\u00a0balkonem &#8211; 65 m2<\/strong><\/p>\n<p>Zlokalizowany jest w Ko\u0142obrzegu\u00a0 na ulicy Mieszka I-go w spokojnej okolicy a zarazem blisko do centrum miasta 900 m oraz w niedalekiej odleg\u0142o\u015bci do pla\u017cy 1300 m.<\/p>\n<p>Apartament przeznaczony jest maksymalnie dla 6 os\u00f3b, idealny dla rodzin z dzie\u0107mi, dla par.<\/p>\n<p>G\u0142\u00f3wn\u0105 zalet\u0105 apartamentu jest jego du\u017ca powierzchnia jak na realia kr\u00f3tkoterminowego pobytu nad morzem. Mieszkanie <span style=\"font-size: 1rem;\">w pe\u0142ni wyposa\u017cone<\/span><span style=\"font-size: 1rem;\">, wygodne, ciep\u0142e zim\u0105 i przyjemne latem. Nas\u0142oneczniony, intymny balkon od strony p\u0142d. &#8211; zach\u00f3d gwarantuje s\u0142o\u0144ce do p\u00f3\u017anych godzin wieczornych. Blisko\u015b\u0107 centrum miasta, atrakcji, sklep\u00f3w, ko\u015bcio\u0142a, park\u00f3w, przys\u0142u\u017cy si\u0119 r\u00f3wnie\u017c podczas wygodnego urlopowania.<\/span><\/p>\n<p>Zapewniamy Pa\u0144stwu \u015bwie\u017c\u0105 po\u015bciel oraz r\u0119czniki. We wszystkich pokojach jest bezp\u0142atny dost\u0119p do sieci WiFi.<\/p>\n<p>Samoch\u00f3d mo\u017cna bezp\u0142atnie zaparkowa\u0107 przy budynku.<\/p>\n<p><strong>Apartament sk\u0142ada si\u0119:<\/strong><\/p>\n<ul>\n<li>sypialnia I \u00a0(2 pojedyncze \u0142\u00f3\u017cka: 80x200cm z mo\u017cliwo\u015bci\u0105 po\u0142\u0105czenia w jedno du\u017ce \u0142\u00f3\u017cko 160x200cm, komoda, stolik nocny), wyj\u015bcie na balkon<\/li>\n<li>sypialnia II \u00a0(2 pojedyncze \u0142\u00f3\u017cka: 80x200cm z mo\u017cliwo\u015bci\u0105 po\u0142\u0105czenia w jedno du\u017ce \u0142\u00f3\u017cko 160x200cm, szafa, komoda, stolik, 1 x smart TV LED 32&#8243;, konsola do gier Sony PlayStation + 5 gier)<\/li>\n<li>pok\u00f3j dzienny (2 rozk\u0142adane sofy, du\u017cy st\u00f3\u0142 z krzes\u0142ami, 2 komody, witryna, 1 x smart TV LED 43&#8243;, odtwarzacz DVD, router wifi), wyj\u015bcie na balkon<\/li>\n<li>\u0142azienka (kabina natryskowa, wanna, umywalka, wc geberit, pralka automatyczna)<\/li>\n<li>kuchnia (mikrofal\u00f3wka, piekarnik, lod\u00f3wka z zamra\u017cark\u0105, p\u0142yta ceramiczna, toster, czajnik, ekspres do kawy, komplet garnk\u00f3w, patelnie, komplet naczy\u0144 i sztu\u0107c\u00f3w, przybory kuchenne, no\u017ce kuchenne, miski, szklanki, kubki, kufle do piwa, kieliszki do w\u00f3dki i do wina)<\/li>\n<li>balkon (stolik z krzes\u0142ami)<\/li>\n<\/ul>\n<p><strong>W cenie apartamentu:<\/strong><\/p>\n<ul>\n<li>internet, po\u015bciel, r\u0119czniki, energia elektryczna, woda<\/li>\n<\/ul>\n<p><strong>Pozosta\u0142e wyposa\u017cenie:<\/strong><\/p>\n<ul>\n<li>deska do prasowania, \u017celazko, odkurzacz, suszarka do w\u0142os\u00f3w, suszarka na ubrania, pralka automatyczna, parawan na pla\u017c\u0119, krzes\u0142a pla\u017cowe<\/li>\n<\/ul>\n<p><strong>Udogodnienia dla rodzin z ma\u0142ymi dzie\u0107mi:<\/strong><\/p>\n<ul>\n<li>opcjonalnie \u0142\u00f3\u017ceczko turystyczne z materacem (bez po\u015bcieli), krzese\u0142ko do karmienia, stolik dzieci\u0119cy z krzese\u0142kami<\/li>\n<\/ul>\n<p><strong>Parking:<\/strong><\/p>\n<ul>\n<li>parking og\u00f3lnodost\u0119pny &#8211; bezp\u0142atny, dooko\u0142a budynku<\/li>\n<\/ul>\n<p><strong style=\"font-size: 1rem;\">Informacje dodatkowe:<\/strong><\/p>\n<ul>\n<li>w lokalu obowi\u0105zuje ca\u0142kowity zakaz palenia papieros\u00f3w (mo\u017cliwo\u015b\u0107 palenia na balkonie)<\/li>\n<li>do apartamentu nie ma mo\u017cliwo\u015bci przyjazdu z psem lub kotem<\/li>\n<li>prosimy segregowa\u0107 i wyrzuca\u0107 \u015bmieci (informacja na tablicy w mieszkaniu)<\/li>\n<li>ko\u0144cowe sprz\u0105tanie (na koniec pobytu prosimy o umycie naczy\u0144 i garnk\u00f3w, opr\u00f3\u017cnienie lod\u00f3wki, wyrzucenie \u015bmieci, zdj\u0119cie po\u015bcieli)<\/li>\n<li>mo\u017ce zosta\u0107 pobrana kaucja zwrotna 200 z\u0142<\/li>\n<li>odbi\u00f3r i zdanie kluczy o ustalonej godzinie telefonicznie w apartamencie<\/li>\n<\/ul>\n<p><strong>Minimalny czas pobytu:<\/strong><\/p>\n<ul>\n<li>lipiec i sierpie\u0144 to 7 nocleg\u00f3w (od niedzieli do niedzieli), w pozosta\u0142ych miesi\u0105cach &#8211; 2 doby<\/li>\n<\/ul>\n<p><strong>Doba hotelowa:<\/strong><\/p>\n<ul>\n<li>przyjazd godz. 16.00, wyjazd godz. 11.00 (je\u015bli apartament nie b\u0119dzie zaj\u0119ty w dniu poprzedzaj\u0105cym Pa\u0144stwa przyjazd to jest mo\u017cliwo\u015b\u0107 wcze\u015bniejszego zakwaterowania)<\/li>\n<\/ul>\n<p><strong>Wypo\u017cyczalnia rower\u00f3w w okresie od 31 marca do 30 pa\u017adziernika:<\/strong><\/p>\n<ul>\n<li>wypo\u017cyczenie roweru dla naszych go\u015bci &#8211; 10% zni\u017cki\u00a0 &#8211; Wypo\u017cyczalnia rower\u00f3w CampoBike &#8211; Camping Baltic, ul. 4 Dywizji Wojska Polskiego 1, tel. 606411954<\/li>\n<\/ul>\n<p><strong>W pobli\u017cu:<\/strong><\/p>\n<ul>\n<li>plac zabaw dla dzieci, boisko do gier, ko\u015bci\u00f3\u0142, market Netto, centrum handlowe Albatros &#8211; supermarket Eleclerc, McDonalds, warsztat samochodowy, stacja Orlen, stacja Shell, paczkomat<\/li>\n<\/ul>\n","protected":false},"excerpt":{"rendered":"<p>Apartament 3 pokojowy\u00a0z kuchni\u0105, \u0142azienk\u0105 i\u00a0balkonem &#8211; 65 m2 Zlokalizowany jest w Ko\u0142obrzegu\u00a0 na ulicy Mieszka I-go w spokojnej okolicy a zarazem blisko do centrum miasta 900 m oraz w niedalekiej odleg\u0142o\u015bci do pla\u017cy 1300 m. Apartament przeznaczony jest maksymalnie dla 6 os\u00f3b, idealny dla rodzin z dzie\u0107mi, dla par. G\u0142\u00f3wn\u0105 zalet\u0105 apartamentu jest jego &hellip; <\/p>\n<p class=\"link-more\"><a href=\"https:\/\/apartament-mieszka.eu\/\" class=\"more-link\">Czytaj dalej<span class=\"screen-reader-text\"> Apartament<\/span><\/a><\/p>\n","protected":false},"author":1,"featured_media":0,"parent":0,"menu_order":0,"comment_status":"closed","ping_status":"closed","template":"","meta":[],"yoast_head":"<!-- This site is optimized with the Yoast SEO plugin v18.1 - https:\/\/yoast.com\/wordpress\/plugins\/seo\/ -->\n<title>Apartament Mieszka - nocleg nad morzem w Ko\u0142obrzegu<\/title>\n<meta name=\"description\" content=\"Du\u017cy apartament nocleg w Ko\u0142obrzegu, 3 pokoje, kuchnia, \u0142azienka, intymny balkon. Blisko do centrum oraz w niedalekiej odleg\u0142o\u015bci do pla\u017cy.\" \/>\n<meta name=\"robots\" content=\"index, follow, max-snippet:-1, max-image-preview:large, max-video-preview:-1\" \/>\n<link rel=\"canonical\" href=\"https:\/\/apartament-mieszka.eu\/\" \/>\n<meta property=\"og:locale\" content=\"pl_PL\" \/>\n<meta property=\"og:type\" content=\"article\" \/>\n<meta property=\"og:title\" content=\"Apartament Mieszka - nocleg nad morzem w Ko\u0142obrzegu\" \/>\n<meta property=\"og:description\" content=\"Du\u017cy apartament nocleg w Ko\u0142obrzegu, 3 pokoje, kuchnia, \u0142azienka, intymny balkon. Blisko do centrum oraz w niedalekiej odleg\u0142o\u015bci do pla\u017cy.\" \/>\n<meta property=\"og:url\" content=\"https:\/\/apartament-mieszka.eu\/\" \/>\n<meta property=\"og:site_name\" content=\"Apartament Mieszka\" \/>\n<meta property=\"article:modified_time\" content=\"2025-11-08T17:10:43+00:00\" \/>\n<meta name=\"twitter:card\" content=\"summary_large_image\" \/>\n<meta name=\"twitter:label1\" content=\"Szacowany czas czytania\" \/>\n\t<meta name=\"twitter:data1\" content=\"3 minuty\" \/>\n<script type=\"application\/ld+json\" class=\"yoast-schema-graph\">{\"@context\":\"https:\/\/schema.org\",\"@graph\":[{\"@type\":[\"Person\",\"Organization\"],\"@id\":\"https:\/\/apartament-mieszka.eu\/#\/schema\/person\/7bfaa1ac635020526b041880ceb7d428\",\"name\":\"Jacek\",\"image\":{\"@type\":\"ImageObject\",\"@id\":\"https:\/\/apartament-mieszka.eu\/#personlogo\",\"inLanguage\":\"pl-PL\",\"url\":\"http:\/\/apartament-mieszka.eu\/wp-content\/uploads\/2017\/02\/cropped-Kopia-sypialnia-nieb-Large-1.jpg\",\"contentUrl\":\"http:\/\/apartament-mieszka.eu\/wp-content\/uploads\/2017\/02\/cropped-Kopia-sypialnia-nieb-Large-1.jpg\",\"width\":512,\"height\":512,\"caption\":\"Jacek\"},\"logo\":{\"@id\":\"https:\/\/apartament-mieszka.eu\/#personlogo\"},\"sameAs\":[\"http:\/\/www.apartament-mieszka.eu\"]},{\"@type\":\"WebSite\",\"@id\":\"https:\/\/apartament-mieszka.eu\/#website\",\"url\":\"https:\/\/apartament-mieszka.eu\/\",\"name\":\"Apartament Mieszka\",\"description\":\"Rodzinny apartament nad morzem\",\"publisher\":{\"@id\":\"https:\/\/apartament-mieszka.eu\/#\/schema\/person\/7bfaa1ac635020526b041880ceb7d428\"},\"potentialAction\":[{\"@type\":\"SearchAction\",\"target\":{\"@type\":\"EntryPoint\",\"urlTemplate\":\"https:\/\/apartament-mieszka.eu\/?s={search_term_string}\"},\"query-input\":\"required name=search_term_string\"}],\"inLanguage\":\"pl-PL\"},{\"@type\":\"WebPage\",\"@id\":\"https:\/\/apartament-mieszka.eu\/#webpage\",\"url\":\"https:\/\/apartament-mieszka.eu\/\",\"name\":\"Apartament Mieszka - nocleg nad morzem w Ko\u0142obrzegu\",\"isPartOf\":{\"@id\":\"https:\/\/apartament-mieszka.eu\/#website\"},\"datePublished\":\"2017-02-05T11:01:45+00:00\",\"dateModified\":\"2025-11-08T17:10:43+00:00\",\"description\":\"Du\u017cy apartament nocleg w Ko\u0142obrzegu, 3 pokoje, kuchnia, \u0142azienka, intymny balkon. Blisko do centrum oraz w niedalekiej odleg\u0142o\u015bci do pla\u017cy.\",\"breadcrumb\":{\"@id\":\"https:\/\/apartament-mieszka.eu\/#breadcrumb\"},\"inLanguage\":\"pl-PL\",\"potentialAction\":[{\"@type\":\"ReadAction\",\"target\":[\"https:\/\/apartament-mieszka.eu\/\"]}]},{\"@type\":\"BreadcrumbList\",\"@id\":\"https:\/\/apartament-mieszka.eu\/#breadcrumb\",\"itemListElement\":[{\"@type\":\"ListItem\",\"position\":1,\"name\":\"Strona g\u0142\u00f3wna\",\"item\":\"https:\/\/apartament-mieszka.eu\/\"},{\"@type\":\"ListItem\",\"position\":2,\"name\":\"Apartament\"}]}]}<\/script>\n<!-- \/ Yoast SEO plugin. -->","yoast_head_json":{"title":"Apartament Mieszka - nocleg nad morzem w Ko\u0142obrzegu","description":"Du\u017cy apartament nocleg w Ko\u0142obrzegu, 3 pokoje, kuchnia, \u0142azienka, intymny balkon. Blisko do centrum oraz w niedalekiej odleg\u0142o\u015bci do pla\u017cy.","robots":{"index":"index","follow":"follow","max-snippet":"max-snippet:-1","max-image-preview":"max-image-preview:large","max-video-preview":"max-video-preview:-1"},"canonical":"https:\/\/apartament-mieszka.eu\/","og_locale":"pl_PL","og_type":"article","og_title":"Apartament Mieszka - nocleg nad morzem w Ko\u0142obrzegu","og_description":"Du\u017cy apartament nocleg w Ko\u0142obrzegu, 3 pokoje, kuchnia, \u0142azienka, intymny balkon. Blisko do centrum oraz w niedalekiej odleg\u0142o\u015bci do pla\u017cy.","og_url":"https:\/\/apartament-mieszka.eu\/","og_site_name":"Apartament Mieszka","article_modified_time":"2025-11-08T17:10:43+00:00","twitter_card":"summary_large_image","twitter_misc":{"Szacowany czas czytania":"3 minuty"},"schema":{"@context":"https:\/\/schema.org","@graph":[{"@type":["Person","Organization"],"@id":"https:\/\/apartament-mieszka.eu\/#\/schema\/person\/7bfaa1ac635020526b041880ceb7d428","name":"Jacek","image":{"@type":"ImageObject","@id":"https:\/\/apartament-mieszka.eu\/#personlogo","inLanguage":"pl-PL","url":"http:\/\/apartament-mieszka.eu\/wp-content\/uploads\/2017\/02\/cropped-Kopia-sypialnia-nieb-Large-1.jpg","contentUrl":"http:\/\/apartament-mieszka.eu\/wp-content\/uploads\/2017\/02\/cropped-Kopia-sypialnia-nieb-Large-1.jpg","width":512,"height":512,"caption":"Jacek"},"logo":{"@id":"https:\/\/apartament-mieszka.eu\/#personlogo"},"sameAs":["http:\/\/www.apartament-mieszka.eu"]},{"@type":"WebSite","@id":"https:\/\/apartament-mieszka.eu\/#website","url":"https:\/\/apartament-mieszka.eu\/","name":"Apartament Mieszka","description":"Rodzinny apartament nad morzem","publisher":{"@id":"https:\/\/apartament-mieszka.eu\/#\/schema\/person\/7bfaa1ac635020526b041880ceb7d428"},"potentialAction":[{"@type":"SearchAction","target":{"@type":"EntryPoint","urlTemplate":"https:\/\/apartament-mieszka.eu\/?s={search_term_string}"},"query-input":"required name=search_term_string"}],"inLanguage":"pl-PL"},{"@type":"WebPage","@id":"https:\/\/apartament-mieszka.eu\/#webpage","url":"https:\/\/apartament-mieszka.eu\/","name":"Apartament Mieszka - nocleg nad morzem w Ko\u0142obrzegu","isPartOf":{"@id":"https:\/\/apartament-mieszka.eu\/#website"},"datePublished":"2017-02-05T11:01:45+00:00","dateModified":"2025-11-08T17:10:43+00:00","description":"Du\u017cy apartament nocleg w Ko\u0142obrzegu, 3 pokoje, kuchnia, \u0142azienka, intymny balkon. Blisko do centrum oraz w niedalekiej odleg\u0142o\u015bci do pla\u017cy.","breadcrumb":{"@id":"https:\/\/apartament-mieszka.eu\/#breadcrumb"},"inLanguage":"pl-PL","potentialAction":[{"@type":"ReadAction","target":["https:\/\/apartament-mieszka.eu\/"]}]},{"@type":"BreadcrumbList","@id":"https:\/\/apartament-mieszka.eu\/#breadcrumb","itemListElement":[{"@type":"ListItem","position":1,"name":"Strona g\u0142\u00f3wna","item":"https:\/\/apartament-mieszka.eu\/"},{"@type":"ListItem","position":2,"name":"Apartament"}]}]}},"_links":{"self":[{"href":"https:\/\/apartament-mieszka.eu\/index.php\/wp-json\/wp\/v2\/pages\/62"}],"collection":[{"href":"https:\/\/apartament-mieszka.eu\/index.php\/wp-json\/wp\/v2\/pages"}],"about":[{"href":"https:\/\/apartament-mieszka.eu\/index.php\/wp-json\/wp\/v2\/types\/page"}],"author":[{"embeddable":true,"href":"https:\/\/apartament-mieszka.eu\/index.php\/wp-json\/wp\/v2\/users\/1"}],"replies":[{"embeddable":true,"href":"https:\/\/apartament-mieszka.eu\/index.php\/wp-json\/wp\/v2\/comments?post=62"}],"version-history":[{"count":31,"href":"https:\/\/apartament-mieszka.eu\/index.php\/wp-json\/wp\/v2\/pages\/62\/revisions"}],"predecessor-version":[{"id":632,"href":"https:\/\/apartament-mieszka.eu\/index.php\/wp-json\/wp\/v2\/pages\/62\/revisions\/632"}],"wp:attachment":[{"href":"https:\/\/apartament-mieszka.eu\/index.php\/wp-json\/wp\/v2\/media?parent=62"}],"curies":[{"name":"wp","href":"https:\/\/api.w.org\/{rel}","templated":true}]}}